{"id":10786,"date":"2021-07-21T11:47:49","date_gmt":"2021-07-21T11:47:49","guid":{"rendered":"https:\/\/elementor.zozothemes.com\/corpkit\/contact-copy\/"},"modified":"2025-04-22T10:54:26","modified_gmt":"2025-04-22T10:54:26","slug":"despre-noi","status":"publish","type":"page","link":"https:\/\/garduritps.md\/ro\/despre-noi\/","title":{"rendered":"Despre noi"},"content":{"rendered":"\t\t<div data-elementor-type=\"wp-page\" data-elementor-id=\"10786\" class=\"elementor elementor-10786\">\n\t\t\t\t\t\t<section class=\"elementor-section elementor-top-section elementor-element elementor-element-bcecf66 elementor-section-stretched elementor-section-boxed elementor-section-height-default elementor-section-height-default\" data-id=\"bcecf66\" data-element_type=\"section\" data-settings=\"{&quot;stretch_section&quot;:&quot;section-stretched&quot;}\">\n\t\t\t\t\t\t<div class=\"elementor-container elementor-column-gap-wide\">\n\t\t\t\t\t<div class=\"elementor-column elementor-col-100 elementor-top-column elementor-element elementor-element-82b5db6\" data-id=\"82b5db6\" data-element_type=\"column\">\n\t\t\t<div class=\"elementor-widget-wrap elementor-element-populated\">\n\t\t\t\t\t\t<div class=\"elementor-element elementor-element-84e678d elementor-widget elementor-widget-image\" data-id=\"84e678d\" data-element_type=\"widget\" data-widget_type=\"image.default\">\n\t\t\t\t<div class=\"elementor-widget-container\">\n\t\t\t\t\t\t\t\t\t\t\t\t\t\t\t<img fetchpriority=\"high\" decoding=\"async\" width=\"1024\" height=\"300\" src=\"https:\/\/garduritps.md\/wp-content\/uploads\/2023\/10\/services-04-1.jpg\" class=\"attachment-full size-full wp-image-51324\" alt=\"\" srcset=\"https:\/\/garduritps.md\/wp-content\/uploads\/2023\/10\/services-04-1.jpg 1024w, https:\/\/garduritps.md\/wp-content\/uploads\/2023\/10\/services-04-1-600x176.jpg 600w\" sizes=\"(max-width: 1024px) 100vw, 1024px\" \/>\t\t\t\t\t\t\t\t\t\t\t\t\t\t\t<\/div>\n\t\t\t\t<\/div>\n\t\t\t\t\t<\/div>\n\t\t<\/div>\n\t\t\t\t\t<\/div>\n\t\t<\/section>\n\t\t\t\t<section class=\"elementor-section elementor-top-section elementor-element elementor-element-6b30a97 elementor-section-stretched elementor-section-boxed elementor-section-height-default elementor-section-height-default\" data-id=\"6b30a97\" data-element_type=\"section\" data-settings=\"{&quot;stretch_section&quot;:&quot;section-stretched&quot;}\">\n\t\t\t\t\t\t<div class=\"elementor-container elementor-column-gap-wide\">\n\t\t\t\t\t<div class=\"elementor-column elementor-col-50 elementor-top-column elementor-element elementor-element-f876ced\" data-id=\"f876ced\" data-element_type=\"column\">\n\t\t\t<div class=\"elementor-widget-wrap elementor-element-populated\">\n\t\t\t\t\t\t<section class=\"elementor-section elementor-inner-section elementor-element elementor-element-5b299b8 elementor-section-boxed elementor-section-height-default elementor-section-height-default\" data-id=\"5b299b8\" data-element_type=\"section\">\n\t\t\t\t\t\t<div class=\"elementor-container elementor-column-gap-wide\">\n\t\t\t\t\t<div class=\"elementor-column elementor-col-50 elementor-inner-column elementor-element elementor-element-bf6e798\" data-id=\"bf6e798\" data-element_type=\"column\" data-settings=\"{&quot;background_background&quot;:&quot;classic&quot;}\">\n\t\t\t<div class=\"elementor-widget-wrap elementor-element-populated\">\n\t\t\t\t\t\t<div class=\"elementor-element elementor-element-e54517b cea-view-default elementor-widget elementor-widget-ceafeaturebox\" data-id=\"e54517b\" data-element_type=\"widget\" data-widget_type=\"ceafeaturebox.default\">\n\t\t\t\t<div class=\"elementor-widget-container feature-box-wrapper feature-box-default\">\n\t\t\t<div class=\"feature-box-inner\"><h4 class=\"feature-box-title\">Compania TPS<\/h4><div class=\"fbox-content\">Suntem o companie specializat\u0103 \u00een produc\u021bia de garduri, por\u021bi \u0219i \u021bigl\u0103 metalic\u0103 pentru acoperi\u0219uri, folosind materie prim\u0103 de \u00eenalt\u0103 calitate importat\u0103 din Coreea. <\/div><\/div>\t\t<\/div>\n\t\t\t\t<\/div>\n\t\t\t\t\t<\/div>\n\t\t<\/div>\n\t\t\t\t<div class=\"elementor-column elementor-col-50 elementor-inner-column elementor-element elementor-element-722a7fb\" data-id=\"722a7fb\" data-element_type=\"column\">\n\t\t\t<div class=\"elementor-widget-wrap\">\n\t\t\t\t\t\t\t<\/div>\n\t\t<\/div>\n\t\t\t\t\t<\/div>\n\t\t<\/section>\n\t\t\t\t<div class=\"elementor-element elementor-element-b957219 cea-align-left cea-mobile-align-center elementor-widget elementor-widget-ceasectiontitle\" data-id=\"b957219\" data-element_type=\"widget\" data-widget_type=\"ceasectiontitle.default\">\n\t\t\t\t<div class=\"elementor-widget-container\">\n\t\t\t\t\t<div class=\"section-title-wrapper\"><div class=\"title-wrap\"><h6 class=\"sub-title\"><span class=\"subtitle-dots\">Despre noi<\/span><\/h6><h2 class=\"section-title\">Mai bine de 10 ani de experien\u021b\u0103<\/h2><\/div><!-- .title-wrap --><div class=\"section-description\"><p class=\"section-content\">Avem o experien\u021b\u0103 vast\u0103 \u00een fabricarea \u0219i instalarea de por\u021bi \u0219i garduri din jaluzele metalice zincate. Expertiza noastr\u0103 ne permite s\u0103 oferim solu\u021bii inovatoare \u0219i eficiente, adaptate nevoilor specifice ale fiec\u0103rui client.Oferim o gam\u0103 variat\u0103 de modele \u0219i finisaje care se potrivesc diferitelor stiluri arhitecturale \u0219i preferin\u021be estetice. De asemenea, putem personaliza produsele noastre pentru a se adapta perfect la cerin\u021bele specifice ale fiec\u0103rui client, asigur\u00e2nd un aspect unic \u0219i elegant pentru fiecare proprietate.<\/p><\/div><!-- .section-description --><\/div><!-- .section-title-wrapper -->\t\t\t\t<\/div>\n\t\t\t\t<\/div>\n\t\t\t\t\t<\/div>\n\t\t<\/div>\n\t\t\t\t<div class=\"elementor-column elementor-col-50 elementor-top-column elementor-element elementor-element-bd69a6d\" data-id=\"bd69a6d\" data-element_type=\"column\">\n\t\t\t<div class=\"elementor-widget-wrap elementor-element-populated\">\n\t\t\t\t\t\t<div class=\"elementor-element elementor-element-1fa2264 elementor-invisible elementor-widget elementor-widget-text-editor\" data-id=\"1fa2264\" data-element_type=\"widget\" data-settings=\"{&quot;_animation&quot;:&quot;fadeInUp&quot;}\" data-widget_type=\"text-editor.default\">\n\t\t\t\t<div class=\"elementor-widget-container\">\n\t\t\t\t\t\t\t\t\t<p>Inova\u021bia \u0219i excelen\u021ba \u00een produc\u021bie sunt valorile care ne definesc, asigur\u00e2ndu-ne c\u0103 fiecare produs respect\u0103 cele mai \u00eenalte standarde de calitate. Colabor\u0103m str\u00e2ns cu partenerii no\u0219tri pentru a livra solu\u021bii personalizate \u0219i eficiente. Echipa noastr\u0103 de profesioni\u0219ti este dedicat\u0103 satisfacerii cerin\u021belor clien\u021bilor, oferind suport tehnic \u0219i consultan\u021b\u0103 de specialitate.\u00a0Produsele noastre sunt concepute pentru a oferi durabilitate \u0219i estetic\u0103 superioar\u0103, adaptate nevoilor diverse ale clien\u021bilor no\u0219tri. Aleg\u00e2nd produsele noastre, beneficia\u021bi de fiabilitate \u0219i protec\u021bie pe termen lung.<\/p>\t\t\t\t\t\t\t\t<\/div>\n\t\t\t\t<\/div>\n\t\t\t\t<section class=\"elementor-section elementor-inner-section elementor-element elementor-element-28cb159 elementor-section-boxed elementor-section-height-default elementor-section-height-default elementor-invisible\" data-id=\"28cb159\" data-element_type=\"section\" data-settings=\"{&quot;animation&quot;:&quot;fadeInUp&quot;}\">\n\t\t\t\t\t\t<div class=\"elementor-container elementor-column-gap-default\">\n\t\t\t\t\t<div class=\"elementor-column elementor-col-50 elementor-inner-column elementor-element elementor-element-692e624\" data-id=\"692e624\" data-element_type=\"column\">\n\t\t\t<div class=\"elementor-widget-wrap elementor-element-populated\">\n\t\t\t\t\t\t<div class=\"elementor-element elementor-element-f39b676 cea-view-default elementor-widget elementor-widget-ceafeaturebox\" data-id=\"f39b676\" data-element_type=\"widget\" data-widget_type=\"ceafeaturebox.default\">\n\t\t\t\t<div class=\"elementor-widget-container feature-box-wrapper feature-box-default\">\n\t\t\t<div class=\"feature-box-inner\"><h4 class=\"feature-box-title\">Orienta\u021bi spre calitate<\/h4><div class=\"fbox-content\">Oferim garan\u021bii extinse, de la 10-20 de ani pentru vopsea \u0219i de la 20-50 de ani pentru rugin\u0103, asigur\u00e2nd astfel o investi\u021bie pe termen lung.<\/div><\/div>\t\t<\/div>\n\t\t\t\t<\/div>\n\t\t\t\t\t<\/div>\n\t\t<\/div>\n\t\t\t\t<div class=\"elementor-column elementor-col-50 elementor-inner-column elementor-element elementor-element-a0670a7\" data-id=\"a0670a7\" data-element_type=\"column\">\n\t\t\t<div class=\"elementor-widget-wrap elementor-element-populated\">\n\t\t\t\t\t\t<div class=\"elementor-element elementor-element-4b5d663 cea-view-default elementor-widget elementor-widget-ceacounter\" data-id=\"4b5d663\" data-element_type=\"widget\" data-widget_type=\"ceacounter.default\">\n\t\t\t\t\r\n\t\t<div class=\"elementor-widget-container cea-counter-wrapper  cea-counter-style-default\">\r\n\t\t\r\n\t\t\t<div class=\"counter-value\"><h3><span class=\"counter-up\" data-count=\"7000\" data-duration=\"500\">0<\/span><span class=\"counter-suffix\">+<\/span><\/h3><\/div><!-- .counter-value --><div class=\"counter-title\"><h5 class=\"counter-title-head\">Proiecte realizate<\/h5><\/div><!-- .counter-title -->\t\t\t\r\n\t\t<\/div>\r\n\t\t\t\t<\/div>\n\t\t\t\t\t<\/div>\n\t\t<\/div>\n\t\t\t\t\t<\/div>\n\t\t<\/section>\n\t\t\t\t\t<\/div>\n\t\t<\/div>\n\t\t\t\t\t<\/div>\n\t\t<\/section>\n\t\t\t\t<section class=\"elementor-section elementor-top-section elementor-element elementor-element-5346902 elementor-section-stretched bg-remove-1 vertical-bg-img elementor-section-content-middle elementor-section-boxed elementor-section-height-default elementor-section-height-default\" data-id=\"5346902\" data-element_type=\"section\" data-settings=\"{&quot;stretch_section&quot;:&quot;section-stretched&quot;,&quot;background_background&quot;:&quot;classic&quot;}\">\n\t\t\t\t\t\t\t<div class=\"elementor-background-overlay\"><\/div>\n\t\t\t\t\t\t\t<div class=\"elementor-container elementor-column-gap-wide\">\n\t\t\t\t\t<div class=\"elementor-column elementor-col-50 elementor-top-column elementor-element elementor-element-29b8d93\" data-id=\"29b8d93\" data-element_type=\"column\">\n\t\t\t<div class=\"elementor-widget-wrap elementor-element-populated\">\n\t\t\t\t\t\t<div class=\"elementor-element elementor-element-7917b00 cea-align-left cea-mobile-align-center elementor-invisible elementor-widget elementor-widget-ceasectiontitle\" data-id=\"7917b00\" data-element_type=\"widget\" data-settings=\"{&quot;_animation&quot;:&quot;fadeInUp&quot;}\" data-widget_type=\"ceasectiontitle.default\">\n\t\t\t\t<div class=\"elementor-widget-container\">\n\t\t\t\t\t<div class=\"section-title-wrapper c-dark\"><div class=\"title-wrap\"><h6 class=\"sub-title\"><span class=\"subtitle-dots\">De ce s\u0103 lucra\u021bi cu noi?<\/span><\/h6><h2 class=\"section-title\">Motive pentru a alege TPS<\/h2><\/div><!-- .title-wrap --><div class=\"section-description\"><\/div><!-- .section-description --><\/div><!-- .section-title-wrapper -->\t\t\t\t<\/div>\n\t\t\t\t<\/div>\n\t\t\t\t<section class=\"elementor-section elementor-inner-section elementor-element elementor-element-1507e28 elementor-section-boxed elementor-section-height-default elementor-section-height-default\" data-id=\"1507e28\" data-element_type=\"section\">\n\t\t\t\t\t\t<div class=\"elementor-container elementor-column-gap-default\">\n\t\t\t\t\t<div class=\"elementor-column elementor-col-100 elementor-inner-column elementor-element elementor-element-f6741f3\" data-id=\"f6741f3\" data-element_type=\"column\">\n\t\t\t<div class=\"elementor-widget-wrap elementor-element-populated\">\n\t\t\t\t\t\t<div class=\"elementor-element elementor-element-559cd96 cus-num cea-view-default elementor-invisible elementor-widget elementor-widget-ceafeaturebox\" data-id=\"559cd96\" data-element_type=\"widget\" data-settings=\"{&quot;_animation&quot;:&quot;fadeInUp&quot;}\" data-widget_type=\"ceafeaturebox.default\">\n\t\t\t\t<div class=\"elementor-widget-container feature-box-wrapper feature-box-default\">\n\t\t\t<div class=\"media\"><div class=\"media-icon-part align-self-center\"><div class=\"fbox-number\">01<\/div><\/div><div class=\"media-body align-self-center\"><h4 class=\"feature-box-title\">Calitate superioar\u0103 \u0219i durabilitate<\/h4><div class=\"fbox-content\">Metalul zincat asigur\u0103 rezisten\u021b\u0103 excelent\u0103 la coroziune \u0219i o via\u021b\u0103 \u00eendelungat\u0103 pentru toate produsele TPS.<\/div><\/div><!-- .media-body --><\/div><!-- .media -->\t\t<\/div>\n\t\t\t\t<\/div>\n\t\t\t\t<div class=\"elementor-element elementor-element-9fec0c7 cus-num cea-view-default elementor-invisible elementor-widget elementor-widget-ceafeaturebox\" data-id=\"9fec0c7\" data-element_type=\"widget\" data-settings=\"{&quot;_animation&quot;:&quot;fadeInUp&quot;}\" data-widget_type=\"ceafeaturebox.default\">\n\t\t\t\t<div class=\"elementor-widget-container feature-box-wrapper feature-box-default\">\n\t\t\t<div class=\"media\"><div class=\"media-icon-part align-self-center\"><div class=\"fbox-number\">02<\/div><\/div><div class=\"media-body align-self-center\"><h4 class=\"feature-box-title\">Design estetic \u0219i personalizabil<\/h4><div class=\"fbox-content\">Oferim modele variate \u0219i finisaje adaptabile, create pentru a se integra armonios \u00een orice stil arhitectural.<\/div><\/div><!-- .media-body --><\/div><!-- .media -->\t\t<\/div>\n\t\t\t\t<\/div>\n\t\t\t\t<div class=\"elementor-element elementor-element-0d4efd8 cus-num cea-view-default elementor-invisible elementor-widget elementor-widget-ceafeaturebox\" data-id=\"0d4efd8\" data-element_type=\"widget\" data-settings=\"{&quot;_animation&quot;:&quot;fadeInUp&quot;}\" data-widget_type=\"ceafeaturebox.default\">\n\t\t\t\t<div class=\"elementor-widget-container feature-box-wrapper feature-box-default\">\n\t\t\t<div class=\"media\"><div class=\"media-icon-part align-self-center\"><div class=\"fbox-number\">03<\/div><\/div><div class=\"media-body align-self-center\"><h4 class=\"feature-box-title\">Servicii profesionale \u0219i suport post-v\u00e2nzare<\/h4><div class=\"fbox-content\">Echipa noastr\u0103 asigur\u0103 instalare eficient\u0103 \u0219i suport tehnic continuu, garant\u00e2nd satisfac\u021bia clien\u021bilor.<\/div><\/div><!-- .media-body --><\/div><!-- .media -->\t\t<\/div>\n\t\t\t\t<\/div>\n\t\t\t\t<div class=\"elementor-element elementor-element-b52d984 cus-num cea-view-default elementor-invisible elementor-widget elementor-widget-ceafeaturebox\" data-id=\"b52d984\" data-element_type=\"widget\" data-settings=\"{&quot;_animation&quot;:&quot;fadeInUp&quot;}\" data-widget_type=\"ceafeaturebox.default\">\n\t\t\t\t<div class=\"elementor-widget-container feature-box-wrapper feature-box-default\">\n\t\t\t<div class=\"media\"><div class=\"media-icon-part align-self-center\"><div class=\"fbox-number\">04<\/div><\/div><div class=\"media-body align-self-center\"><h4 class=\"feature-box-title\">Experien\u021b\u0103 \u0219i expertiz\u0103<\/h4><div class=\"fbox-content\">Cu experien\u021b\u0103 vast\u0103 \u00een domeniu, oferim solu\u021bii inovatoare \u0219i eficiente, adaptate fiec\u0103rui proiect.<\/div><\/div><!-- .media-body --><\/div><!-- .media -->\t\t<\/div>\n\t\t\t\t<\/div>\n\t\t\t\t<div class=\"elementor-element elementor-element-d35410d cus-num cea-view-default elementor-invisible elementor-widget elementor-widget-ceafeaturebox\" data-id=\"d35410d\" data-element_type=\"widget\" data-settings=\"{&quot;_animation&quot;:&quot;fadeInUp&quot;}\" data-widget_type=\"ceafeaturebox.default\">\n\t\t\t\t<div class=\"elementor-widget-container feature-box-wrapper feature-box-default\">\n\t\t\t<div class=\"media\"><div class=\"media-icon-part align-self-center\"><div class=\"fbox-number\">05<\/div><\/div><div class=\"media-body align-self-center\"><h4 class=\"feature-box-title\">Raport excelent calitate-pre\u021b<\/h4><div class=\"fbox-content\">Produsele TPS combin\u0103 calitatea superioar\u0103 cu pre\u021buri competitive, oferind un raport calitate-pre\u021b excep\u021bional.<\/div><\/div><!-- .media-body --><\/div><!-- .media -->\t\t<\/div>\n\t\t\t\t<\/div>\n\t\t\t\t\t<\/div>\n\t\t<\/div>\n\t\t\t\t\t<\/div>\n\t\t<\/section>\n\t\t\t\t\t<\/div>\n\t\t<\/div>\n\t\t\t\t<div class=\"elementor-column elementor-col-50 elementor-top-column elementor-element elementor-element-7ce7543\" data-id=\"7ce7543\" data-element_type=\"column\" data-settings=\"{&quot;background_background&quot;:&quot;classic&quot;}\">\n\t\t\t<div class=\"elementor-widget-wrap elementor-element-populated\">\n\t\t\t\t\t\t<div class=\"elementor-element elementor-element-95a7767 elementor-widget elementor-widget-image\" data-id=\"95a7767\" data-element_type=\"widget\" data-widget_type=\"image.default\">\n\t\t\t\t<div class=\"elementor-widget-container\">\n\t\t\t\t\t\t\t\t\t\t\t\t\t\t\t<img decoding=\"async\" width=\"1774\" height=\"1338\" src=\"https:\/\/garduritps.md\/wp-content\/uploads\/2024\/08\/triunghiuri.png\" class=\"attachment-full size-full wp-image-64137\" alt=\"\" srcset=\"https:\/\/garduritps.md\/wp-content\/uploads\/2024\/08\/triunghiuri.png 1774w, https:\/\/garduritps.md\/wp-content\/uploads\/2024\/08\/triunghiuri-768x579.png 768w, https:\/\/garduritps.md\/wp-content\/uploads\/2024\/08\/triunghiuri-1536x1158.png 1536w, https:\/\/garduritps.md\/wp-content\/uploads\/2024\/08\/triunghiuri-1200x905.png 1200w, https:\/\/garduritps.md\/wp-content\/uploads\/2024\/08\/triunghiuri-600x453.png 600w\" sizes=\"(max-width: 1774px) 100vw, 1774px\" \/>\t\t\t\t\t\t\t\t\t\t\t\t\t\t\t<\/div>\n\t\t\t\t<\/div>\n\t\t\t\t<div class=\"elementor-element elementor-element-1c1b43e e-transform elementor-hidden-tablet elementor-hidden-mobile elementor-widget elementor-widget-image\" data-id=\"1c1b43e\" data-element_type=\"widget\" data-settings=\"{&quot;_transform_translateX_effect&quot;:{&quot;unit&quot;:&quot;px&quot;,&quot;size&quot;:-15,&quot;sizes&quot;:[]},&quot;_transform_translateX_effect_tablet&quot;:{&quot;unit&quot;:&quot;px&quot;,&quot;size&quot;:&quot;&quot;,&quot;sizes&quot;:[]},&quot;_transform_translateX_effect_mobile&quot;:{&quot;unit&quot;:&quot;px&quot;,&quot;size&quot;:&quot;&quot;,&quot;sizes&quot;:[]},&quot;_transform_translateY_effect&quot;:{&quot;unit&quot;:&quot;px&quot;,&quot;size&quot;:&quot;&quot;,&quot;sizes&quot;:[]},&quot;_transform_translateY_effect_tablet&quot;:{&quot;unit&quot;:&quot;px&quot;,&quot;size&quot;:&quot;&quot;,&quot;sizes&quot;:[]},&quot;_transform_translateY_effect_mobile&quot;:{&quot;unit&quot;:&quot;px&quot;,&quot;size&quot;:&quot;&quot;,&quot;sizes&quot;:[]}}\" data-widget_type=\"image.default\">\n\t\t\t\t<div class=\"elementor-widget-container\">\n\t\t\t\t\t\t\t\t\t\t\t\t\t\t\t<img decoding=\"async\" width=\"700\" height=\"606\" src=\"https:\/\/garduritps.md\/wp-content\/uploads\/2023\/11\/triangle-white-1.png\" class=\"attachment-full size-full wp-image-55629\" alt=\"\" srcset=\"https:\/\/garduritps.md\/wp-content\/uploads\/2023\/11\/triangle-white-1.png 700w, https:\/\/garduritps.md\/wp-content\/uploads\/2023\/11\/triangle-white-1-600x519.png 600w\" sizes=\"(max-width: 700px) 100vw, 700px\" \/>\t\t\t\t\t\t\t\t\t\t\t\t\t\t\t<\/div>\n\t\t\t\t<\/div>\n\t\t\t\t\t<\/div>\n\t\t<\/div>\n\t\t\t\t\t<\/div>\n\t\t<\/section>\n\t\t\t\t<section class=\"elementor-section elementor-top-section elementor-element elementor-element-310935a elementor-section-stretched elementor-section-boxed elementor-section-height-default elementor-section-height-default\" data-id=\"310935a\" data-element_type=\"section\" data-settings=\"{&quot;stretch_section&quot;:&quot;section-stretched&quot;,&quot;background_background&quot;:&quot;classic&quot;}\">\n\t\t\t\t\t\t\t<div class=\"elementor-background-overlay\"><\/div>\n\t\t\t\t\t\t\t<div class=\"elementor-container elementor-column-gap-wide\">\n\t\t\t\t\t<div class=\"elementor-column elementor-col-100 elementor-top-column elementor-element elementor-element-e8aa506\" data-id=\"e8aa506\" data-element_type=\"column\">\n\t\t\t<div class=\"elementor-widget-wrap elementor-element-populated\">\n\t\t\t\t\t\t<section class=\"elementor-section elementor-inner-section elementor-element elementor-element-d28e741 elementor-section-boxed elementor-section-height-default elementor-section-height-default\" data-id=\"d28e741\" data-element_type=\"section\">\n\t\t\t\t\t\t<div class=\"elementor-container elementor-column-gap-default\">\n\t\t\t\t\t<div class=\"elementor-column elementor-col-33 elementor-inner-column elementor-element elementor-element-67b628b\" data-id=\"67b628b\" data-element_type=\"column\">\n\t\t\t<div class=\"elementor-widget-wrap\">\n\t\t\t\t\t\t\t<\/div>\n\t\t<\/div>\n\t\t\t\t<div class=\"elementor-column elementor-col-33 elementor-inner-column elementor-element elementor-element-5310e5c\" data-id=\"5310e5c\" data-element_type=\"column\">\n\t\t\t<div class=\"elementor-widget-wrap elementor-element-populated\">\n\t\t\t\t\t\t<div class=\"elementor-element elementor-element-ee76f5b cea-align-center elementor-widget elementor-widget-ceasectiontitle\" data-id=\"ee76f5b\" data-element_type=\"widget\" data-widget_type=\"ceasectiontitle.default\">\n\t\t\t\t<div class=\"elementor-widget-container\">\n\t\t\t\t\t<div class=\"section-title-wrapper\"><div class=\"title-wrap\"><h6 class=\"sub-title\"><span class=\"subtitle-dots\">Cum ne g\u0103si\u021bi<\/span><\/h6><h2 class=\"section-title\">Informa\u021bie de contact<\/h2><\/div><!-- .title-wrap --><div class=\"section-description\"><\/div><!-- .section-description --><\/div><!-- .section-title-wrapper -->\t\t\t\t<\/div>\n\t\t\t\t<\/div>\n\t\t\t\t\t<\/div>\n\t\t<\/div>\n\t\t\t\t<div class=\"elementor-column elementor-col-33 elementor-inner-column elementor-element elementor-element-072ced7\" data-id=\"072ced7\" data-element_type=\"column\">\n\t\t\t<div class=\"elementor-widget-wrap\">\n\t\t\t\t\t\t\t<\/div>\n\t\t<\/div>\n\t\t\t\t\t<\/div>\n\t\t<\/section>\n\t\t\t\t<section class=\"elementor-section elementor-inner-section elementor-element elementor-element-31a4ebb elementor-section-boxed elementor-section-height-default elementor-section-height-default\" data-id=\"31a4ebb\" data-element_type=\"section\" data-settings=\"{&quot;background_background&quot;:&quot;classic&quot;}\">\n\t\t\t\t\t\t<div class=\"elementor-container elementor-column-gap-default\">\n\t\t\t\t\t<div class=\"elementor-column elementor-col-33 elementor-inner-column elementor-element elementor-element-c61307e\" data-id=\"c61307e\" data-element_type=\"column\" data-settings=\"{&quot;background_background&quot;:&quot;classic&quot;}\">\n\t\t\t<div class=\"elementor-widget-wrap elementor-element-populated\">\n\t\t\t\t\t\t<div class=\"elementor-element elementor-element-dc64445 custom-link cea-view-default elementor-widget elementor-widget-ceafeaturebox\" data-id=\"dc64445\" data-element_type=\"widget\" data-settings=\"{&quot;_animation&quot;:&quot;none&quot;}\" data-widget_type=\"ceafeaturebox.default\">\n\t\t\t\t<div class=\"elementor-widget-container feature-box-wrapper feature-box-default\">\n\t\t\t<div class=\"feature-box-inner\"><div class=\"cea-featured-icon\"><i aria-hidden=\"true\" class=\" bi-headset\"><\/i><\/div><h4 class=\"feature-box-title\">Telefon<\/h4><div class=\"fbox-content\">Telefona\u021bi-ne pentru detalii.\n\n<a href=\"tel:(+373)60066888\" class=\"d-block mt-3\">(+373) 60066888<\/a><\/div><\/div>\t\t<\/div>\n\t\t\t\t<\/div>\n\t\t\t\t\t<\/div>\n\t\t<\/div>\n\t\t\t\t<div class=\"elementor-column elementor-col-33 elementor-inner-column elementor-element elementor-element-876c213\" data-id=\"876c213\" data-element_type=\"column\" data-settings=\"{&quot;background_background&quot;:&quot;classic&quot;}\">\n\t\t\t<div class=\"elementor-widget-wrap elementor-element-populated\">\n\t\t\t\t\t\t<div class=\"elementor-element elementor-element-17c3c29 custom-link cea-view-default elementor-widget elementor-widget-ceafeaturebox\" data-id=\"17c3c29\" data-element_type=\"widget\" data-settings=\"{&quot;_animation&quot;:&quot;none&quot;}\" data-widget_type=\"ceafeaturebox.default\">\n\t\t\t\t<div class=\"elementor-widget-container feature-box-wrapper feature-box-default\">\n\t\t\t<div class=\"feature-box-inner\"><div class=\"cea-featured-icon\"><i aria-hidden=\"true\" class=\" bi-envelope\"><\/i><\/div><h4 class=\"feature-box-title\">Email<\/h4><div class=\"fbox-content\">Solicita\u021bi informa\u021bii prin email.\n\n<a href=\"mailto:acoperis.tps@gmail.com\" class=\"d-block mt-3\">acoperis.tps@gmail.com<\/a><\/div><\/div>\t\t<\/div>\n\t\t\t\t<\/div>\n\t\t\t\t\t<\/div>\n\t\t<\/div>\n\t\t\t\t<div class=\"elementor-column elementor-col-33 elementor-inner-column elementor-element elementor-element-999cca1\" data-id=\"999cca1\" data-element_type=\"column\" data-settings=\"{&quot;background_background&quot;:&quot;classic&quot;}\">\n\t\t\t<div class=\"elementor-widget-wrap elementor-element-populated\">\n\t\t\t\t\t\t<div class=\"elementor-element elementor-element-71489df custom-link cea-view-default elementor-widget elementor-widget-ceafeaturebox\" data-id=\"71489df\" data-element_type=\"widget\" data-settings=\"{&quot;_animation&quot;:&quot;none&quot;}\" data-widget_type=\"ceafeaturebox.default\">\n\t\t\t\t<div class=\"elementor-widget-container feature-box-wrapper feature-box-default\">\n\t\t\t<div class=\"feature-box-inner\"><div class=\"cea-featured-icon\"><i aria-hidden=\"true\" class=\" bi-geo-alt\"><\/i><\/div><h4 class=\"feature-box-title\">Adres\u0103<\/h4><div class=\"fbox-content\">Vizita\u021bi-ne \u00een Showroom.\n\n<a href=\"#\" class=\"d-block mt-3\">Str. Petricani 21, or. Chi\u0219in\u0103u<\/a><\/div><\/div>\t\t<\/div>\n\t\t\t\t<\/div>\n\t\t\t\t\t<\/div>\n\t\t<\/div>\n\t\t\t\t\t<\/div>\n\t\t<\/section>\n\t\t\t\t\t<\/div>\n\t\t<\/div>\n\t\t\t\t\t<\/div>\n\t\t<\/section>\n\t\t\t\t<\/div>\n\t\t","protected":false},"excerpt":{"rendered":"<p>Compania TPS Suntem o companie specializat\u0103 \u00een produc\u021bia de garduri, por\u021bi \u0219i \u021bigl\u0103 metalic\u0103 pentru acoperi\u0219uri, folosind materie prim\u0103 de \u00eenalt\u0103 calitate importat\u0103 din Coreea. Despre noi..<\/p>\n","protected":false},"author":1,"featured_media":0,"parent":0,"menu_order":0,"comment_status":"closed","ping_status":"closed","template":"","meta":{"footnotes":""},"class_list":["post-10786","page","type-page","status-publish","hentry"],"_links":{"self":[{"href":"https:\/\/garduritps.md\/ro\/wp-json\/wp\/v2\/pages\/10786","targetHints":{"allow":["GET"]}}],"collection":[{"href":"https:\/\/garduritps.md\/ro\/wp-json\/wp\/v2\/pages"}],"about":[{"href":"https:\/\/garduritps.md\/ro\/wp-json\/wp\/v2\/types\/page"}],"author":[{"embeddable":true,"href":"https:\/\/garduritps.md\/ro\/wp-json\/wp\/v2\/users\/1"}],"replies":[{"embeddable":true,"href":"https:\/\/garduritps.md\/ro\/wp-json\/wp\/v2\/comments?post=10786"}],"version-history":[{"count":103,"href":"https:\/\/garduritps.md\/ro\/wp-json\/wp\/v2\/pages\/10786\/revisions"}],"predecessor-version":[{"id":64302,"href":"https:\/\/garduritps.md\/ro\/wp-json\/wp\/v2\/pages\/10786\/revisions\/64302"}],"wp:attachment":[{"href":"https:\/\/garduritps.md\/ro\/wp-json\/wp\/v2\/media?parent=10786"}],"curies":[{"name":"wp","href":"https:\/\/api.w.org\/{rel}","templated":true}]}}